{"id":21,"date":"2024-01-26T07:02:18","date_gmt":"2024-01-26T07:02:18","guid":{"rendered":"https:\/\/demo2wpopal.b-cdn.net\/axetor\/?page_id=8"},"modified":"2024-01-26T07:02:18","modified_gmt":"2024-01-26T07:02:18","slug":"cart-2","status":"publish","type":"page","link":"https:\/\/curcunaaskerimalzeme.com.tr\/?page_id=21","title":{"rendered":"Cart"},"content":{"rendered":"\n<div data-block-name=\"woocommerce\/cart\" class=\"wp-block-woocommerce-cart alignwide is-loading\">\n<div data-block-name=\"woocommerce\/filled-cart-block\" class=\"wp-block-woocommerce-filled-cart-block\">\n<div data-block-name=\"woocommerce\/cart-items-block\" class=\"wp-block-woocommerce-cart-items-block\">\n<div data-block-name=\"woocommerce\/cart-line-items-block\" class=\"wp-block-woocommerce-cart-line-items-block\"><\/div>\n\n\n\n<div data-block-name=\"woocommerce\/cart-cross-sells-block\" class=\"wp-block-woocommerce-cart-cross-sells-block\">\n<h2 class=\"wp-block-heading has-large-font-size\">You may be interested in\u2026<\/h2>\n\n\n\n<div data-block-name=\"woocommerce\/cart-cross-sells-products-block\" class=\"wp-block-woocommerce-cart-cross-sells-products-block\"><\/div>\n<\/div>\n<\/div>\n\n\n\n<div data-block-name=\"woocommerce\/cart-totals-block\" class=\"wp-block-woocommerce-cart-totals-block\">\n<div data-block-name=\"woocommerce\/cart-order-summary-block\" class=\"wp-block-woocommerce-cart-order-summary-block\">\n<div data-block-name=\"woocommerce\/cart-order-summary-heading-block\" class=\"wp-block-woocommerce-cart-order-summary-heading-block\"><\/div><div data-block-name=\"woocommerce\/cart-order-summary-coupon-form-block\" class=\"wp-block-woocommerce-cart-order-summary-coupon-form-block\"><\/div><div data-block-name=\"woocommerce\/cart-order-summary-totals-block\" class=\"wp-block-woocommerce-cart-order-summary-totals-block\">\n<div data-block-name=\"woocommerce\/cart-order-summary-subtotal-block\" class=\"wp-block-woocommerce-cart-order-summary-subtotal-block\"><\/div>\n<div data-block-name=\"woocommerce\/cart-order-summary-discount-block\" class=\"wp-block-woocommerce-cart-order-summary-discount-block\"><\/div>\n<div data-block-name=\"woocommerce\/cart-order-summary-fee-block\" class=\"wp-block-woocommerce-cart-order-summary-fee-block\"><\/div>\n<div data-block-name=\"woocommerce\/cart-order-summary-shipping-block\" class=\"wp-block-woocommerce-cart-order-summary-shipping-block\"><\/div>\n<div data-block-name=\"woocommerce\/cart-order-summary-taxes-block\" class=\"wp-block-woocommerce-cart-order-summary-taxes-block\"><\/div><\/div>\n<\/div>\n\n\n\n<div data-block-name=\"woocommerce\/cart-express-payment-block\" class=\"wp-block-woocommerce-cart-express-payment-block\"><\/div>\n\n\n\n<div data-block-name=\"woocommerce\/proceed-to-checkout-block\" class=\"wp-block-woocommerce-proceed-to-checkout-block\"><\/div>\n\n\n\n<div data-block-name=\"woocommerce\/cart-accepted-payment-methods-block\" class=\"wp-block-woocommerce-cart-accepted-payment-methods-block\"><\/div>\n<\/div>\n<\/div>\n\n\n\n<div data-block-name=\"woocommerce\/empty-cart-block\" class=\"wp-block-woocommerce-empty-cart-block\">\n<h2 class=\"wp-block-heading has-text-align-center with-empty-cart-icon wc-block-cart__empty-cart__title\">Your cart is currently empty!<\/h2>\n\n\n\n<hr class=\"wp-block-separator has-alpha-channel-opacity is-style-dots\"\/>\n\n\n\n<h2 class=\"wp-block-heading has-text-align-center\">New in store<\/h2>\n\n\n<div data-block-name=\"woocommerce\/product-new\" data-columns=\"4\" data-rows=\"1\" class=\"wc-block-grid wp-block-product-new wp-block-woocommerce-product-new wc-block-product-new has-4-columns\"><ul class=\"wc-block-grid__products\"><li class=\"wc-block-grid__product\">\n\t\t\t\t<a href=\"https:\/\/curcunaaskerimalzeme.com.tr\/?product=k-k-egitim-doktorin-komutanligi-metal-brove\" class=\"wc-block-grid__product-link\">\n\t\t\t\t\t<div class=\"wc-block-grid__product-onsale\">\n\t\t\t<span aria-hidden=\"true\">\u0130ndirim<\/span>\n\t\t\t<span class=\"screen-reader-text\">\u0130ndirimdeki \u00fcr\u00fcn<\/span>\n\t\t<\/div>\n\t\t\t\t\t<div class=\"wc-block-grid__product-image\"><img fetchpriority=\"high\" decoding=\"async\" width=\"450\" height=\"675\" src=\"https:\/\/curcunaaskerimalzeme.com.tr\/wp-content\/uploads\/2024\/01\/WhatsApp-Image-2026-04-03-at-13.51.05-450x675.jpeg\" class=\"attachment-woocommerce_thumbnail size-woocommerce_thumbnail\" alt=\"K.K.E\u011fitim Doktorin Komutanl\u0131\u011f\u0131 Metal Brove\" srcset=\"https:\/\/curcunaaskerimalzeme.com.tr\/wp-content\/uploads\/2024\/01\/WhatsApp-Image-2026-04-03-at-13.51.05-450x675.jpeg 450w, https:\/\/curcunaaskerimalzeme.com.tr\/wp-content\/uploads\/2024\/01\/WhatsApp-Image-2026-04-03-at-13.51.05-800x1200.jpeg 800w, https:\/\/curcunaaskerimalzeme.com.tr\/wp-content\/uploads\/2024\/01\/WhatsApp-Image-2026-04-03-at-13.51.05-200x300.jpeg 200w, https:\/\/curcunaaskerimalzeme.com.tr\/wp-content\/uploads\/2024\/01\/WhatsApp-Image-2026-04-03-at-13.51.05-683x1024.jpeg 683w, https:\/\/curcunaaskerimalzeme.com.tr\/wp-content\/uploads\/2024\/01\/WhatsApp-Image-2026-04-03-at-13.51.05-768x1152.jpeg 768w, https:\/\/curcunaaskerimalzeme.com.tr\/wp-content\/uploads\/2024\/01\/WhatsApp-Image-2026-04-03-at-13.51.05.jpeg 1024w\" sizes=\"(max-width: 450px) 100vw, 450px\" \/><\/div>\n\t\t\t\t\t<div class=\"wc-block-grid__product-title\">K.K.E\u011fitim Doktorin Komutanl\u0131\u011f\u0131 Metal Brove<\/div>\n\t\t\t\t<\/a>\n\t\t\t\t<div class=\"wc-block-grid__product-price price\"><del aria-hidden=\"true\"><span class=\"woocommerce-Price-amount amount\"><span class=\"woocommerce-Price-currencySymbol\">&#8378;<\/span>200,00<\/span><\/del> <span class=\"screen-reader-text\">Orijinal fiyat: &#8378;200,00.<\/span><ins aria-hidden=\"true\"><span class=\"woocommerce-Price-amount amount\"><span class=\"woocommerce-Price-currencySymbol\">&#8378;<\/span>150,00<\/span><\/ins><span class=\"screen-reader-text\">\u015eu andaki fiyat: &#8378;150,00.<\/span><\/div>\n\t\t\t\t<div class=\"wc-block-grid__product-rating\"><div class=\"star-rating\" role=\"img\" aria-label=\"5 \u00fczerinden 4.60 oy ald\u0131\"><span style=\"width:92%\"><span class=\"rating\">5<\/span> m\u00fc\u015fteri puan\u0131na dayanarak 5 \u00fczerinden <strong class=\"rating\">4.60<\/strong> puan ald\u0131<\/span><\/div><\/div>\n\t\t\t\t<div class=\"wp-block-button wc-block-grid__product-add-to-cart\"><a href=\"\/index.php?rest_route=%2Fwp%2Fv2%2Fpages%2F21&#038;add-to-cart=172\" aria-label=\"Sepete ekle: \u201cK.K.E\u011fitim Doktorin Komutanl\u0131\u011f\u0131 Metal Brove\u201d\" data-quantity=\"1\" data-product_id=\"172\" data-product_sku=\"d10537305\" data-price=\"150\" rel=\"nofollow\" class=\"wp-block-button__link  add_to_cart_button ajax_add_to_cart\">Sepete Ekle<\/a><\/div>\n\t\t\t<\/li><li class=\"wc-block-grid__product\">\n\t\t\t\t<a href=\"https:\/\/curcunaaskerimalzeme.com.tr\/?product=professional-dj-headphones\" class=\"wc-block-grid__product-link\">\n\t\t\t\t\t\n\t\t\t\t\t<div class=\"wc-block-grid__product-image\"><img decoding=\"async\" width=\"450\" height=\"675\" src=\"https:\/\/curcunaaskerimalzeme.com.tr\/wp-content\/uploads\/2024\/01\/WhatsApp-Image-2026-04-03-at-13.51.05-450x675.jpeg\" class=\"attachment-woocommerce_thumbnail size-woocommerce_thumbnail\" alt=\"T\u00fcrk Kara Kuvvetleri\" srcset=\"https:\/\/curcunaaskerimalzeme.com.tr\/wp-content\/uploads\/2024\/01\/WhatsApp-Image-2026-04-03-at-13.51.05-450x675.jpeg 450w, https:\/\/curcunaaskerimalzeme.com.tr\/wp-content\/uploads\/2024\/01\/WhatsApp-Image-2026-04-03-at-13.51.05-800x1200.jpeg 800w, https:\/\/curcunaaskerimalzeme.com.tr\/wp-content\/uploads\/2024\/01\/WhatsApp-Image-2026-04-03-at-13.51.05-200x300.jpeg 200w, https:\/\/curcunaaskerimalzeme.com.tr\/wp-content\/uploads\/2024\/01\/WhatsApp-Image-2026-04-03-at-13.51.05-683x1024.jpeg 683w, https:\/\/curcunaaskerimalzeme.com.tr\/wp-content\/uploads\/2024\/01\/WhatsApp-Image-2026-04-03-at-13.51.05-768x1152.jpeg 768w, https:\/\/curcunaaskerimalzeme.com.tr\/wp-content\/uploads\/2024\/01\/WhatsApp-Image-2026-04-03-at-13.51.05.jpeg 1024w\" sizes=\"(max-width: 450px) 100vw, 450px\" \/><\/div>\n\t\t\t\t\t<div class=\"wc-block-grid__product-title\">T\u00fcrk Kara Kuvvetleri<\/div>\n\t\t\t\t<\/a>\n\t\t\t\t<div class=\"wc-block-grid__product-price price\"><span class=\"woocommerce-Price-amount amount\"><span class=\"woocommerce-Price-currencySymbol\">&#8378;<\/span>438,75<\/span><\/div>\n\t\t\t\t<div class=\"wc-block-grid__product-rating\"><div class=\"star-rating\" role=\"img\" aria-label=\"5 \u00fczerinden 4.40 oy ald\u0131\"><span style=\"width:88%\"><span class=\"rating\">5<\/span> m\u00fc\u015fteri puan\u0131na dayanarak 5 \u00fczerinden <strong class=\"rating\">4.40<\/strong> puan ald\u0131<\/span><\/div><\/div>\n\t\t\t\t<div class=\"wp-block-button wc-block-grid__product-add-to-cart\"><a href=\"\/index.php?rest_route=%2Fwp%2Fv2%2Fpages%2F21&#038;add-to-cart=170\" aria-label=\"Sepete ekle: \u201cT\u00fcrk Kara Kuvvetleri\u201d\" data-quantity=\"1\" data-product_id=\"170\" data-product_sku=\"d6370852\" data-price=\"438.75\" rel=\"nofollow\" class=\"wp-block-button__link  add_to_cart_button ajax_add_to_cart\">Sepete Ekle<\/a><\/div>\n\t\t\t<\/li><li class=\"wc-block-grid__product\">\n\t\t\t\t<a href=\"https:\/\/curcunaaskerimalzeme.com.tr\/?product=plasma-safety-shoe\" class=\"wc-block-grid__product-link\">\n\t\t\t\t\t\n\t\t\t\t\t<div class=\"wc-block-grid__product-image\"><img decoding=\"async\" width=\"450\" height=\"675\" src=\"https:\/\/curcunaaskerimalzeme.com.tr\/wp-content\/uploads\/2024\/02\/placeholder-450x675.jpeg\" class=\"attachment-woocommerce_thumbnail size-woocommerce_thumbnail\" alt=\"Plasma Safety Shoe\" \/><\/div>\n\t\t\t\t\t<div class=\"wc-block-grid__product-title\">Plasma Safety Shoe<\/div>\n\t\t\t\t<\/a>\n\t\t\t\t<div class=\"wc-block-grid__product-price price\"><span class=\"woocommerce-Price-amount amount\"><span class=\"woocommerce-Price-currencySymbol\">&#8378;<\/span>531,72<\/span><\/div>\n\t\t\t\t<div class=\"wc-block-grid__product-rating\"><div class=\"star-rating\" role=\"img\" aria-label=\"5 \u00fczerinden 4.60 oy ald\u0131\"><span style=\"width:92%\"><span class=\"rating\">5<\/span> m\u00fc\u015fteri puan\u0131na dayanarak 5 \u00fczerinden <strong class=\"rating\">4.60<\/strong> puan ald\u0131<\/span><\/div><\/div>\n\t\t\t\t<div class=\"wp-block-button wc-block-grid__product-add-to-cart\"><a href=\"\/index.php?rest_route=%2Fwp%2Fv2%2Fpages%2F21&#038;add-to-cart=168\" aria-label=\"Sepete ekle: \u201cPlasma Safety Shoe\u201d\" data-quantity=\"1\" data-product_id=\"168\" data-product_sku=\"a72235294\" data-price=\"531.72\" rel=\"nofollow\" class=\"wp-block-button__link  add_to_cart_button ajax_add_to_cart\">Sepete Ekle<\/a><\/div>\n\t\t\t<\/li><li class=\"wc-block-grid__product\">\n\t\t\t\t<a href=\"https:\/\/curcunaaskerimalzeme.com.tr\/?product=billings-safety-glasses\" class=\"wc-block-grid__product-link\">\n\t\t\t\t\t\n\t\t\t\t\t<div class=\"wc-block-grid__product-image\"><img loading=\"lazy\" decoding=\"async\" width=\"450\" height=\"675\" src=\"https:\/\/curcunaaskerimalzeme.com.tr\/wp-content\/uploads\/2024\/02\/placeholder-450x675.jpeg\" class=\"attachment-woocommerce_thumbnail size-woocommerce_thumbnail\" alt=\"Billings safety glasses\" \/><\/div>\n\t\t\t\t\t<div class=\"wc-block-grid__product-title\">Billings safety glasses<\/div>\n\t\t\t\t<\/a>\n\t\t\t\t<div class=\"wc-block-grid__product-price price\"><span class=\"woocommerce-Price-amount amount\"><span class=\"woocommerce-Price-currencySymbol\">&#8378;<\/span>309,40<\/span><\/div>\n\t\t\t\t<div class=\"wc-block-grid__product-rating\"><div class=\"star-rating\" role=\"img\" aria-label=\"5 \u00fczerinden 4.20 oy ald\u0131\"><span style=\"width:84%\"><span class=\"rating\">5<\/span> m\u00fc\u015fteri puan\u0131na dayanarak 5 \u00fczerinden <strong class=\"rating\">4.20<\/strong> puan ald\u0131<\/span><\/div><\/div>\n\t\t\t\t<div class=\"wp-block-button wc-block-grid__product-add-to-cart\"><a href=\"\/index.php?rest_route=%2Fwp%2Fv2%2Fpages%2F21&#038;add-to-cart=166\" aria-label=\"Sepete ekle: \u201cBillings safety glasses\u201d\" data-quantity=\"1\" data-product_id=\"166\" data-product_sku=\"a88307923\" data-price=\"309.4\" rel=\"nofollow\" class=\"wp-block-button__link  add_to_cart_button ajax_add_to_cart\">Sepete Ekle<\/a><\/div>\n\t\t\t<\/li><\/ul><\/div><\/div>\n<\/div>\n","protected":false},"excerpt":{"rendered":"","protected":false},"author":1,"featured_media":0,"parent":0,"menu_order":0,"comment_status":"closed","ping_status":"closed","template":"","meta":{"footnotes":""},"class_list":["post-21","page","type-page","status-publish","hentry"],"_links":{"self":[{"href":"https:\/\/curcunaaskerimalzeme.com.tr\/index.php?rest_route=\/wp\/v2\/pages\/21","targetHints":{"allow":["GET"]}}],"collection":[{"href":"https:\/\/curcunaaskerimalzeme.com.tr\/index.php?rest_route=\/wp\/v2\/pages"}],"about":[{"href":"https:\/\/curcunaaskerimalzeme.com.tr\/index.php?rest_route=\/wp\/v2\/types\/page"}],"author":[{"embeddable":true,"href":"https:\/\/curcunaaskerimalzeme.com.tr\/index.php?rest_route=\/wp\/v2\/users\/1"}],"replies":[{"embeddable":true,"href":"https:\/\/curcunaaskerimalzeme.com.tr\/index.php?rest_route=%2Fwp%2Fv2%2Fcomments&post=21"}],"version-history":[{"count":0,"href":"https:\/\/curcunaaskerimalzeme.com.tr\/index.php?rest_route=\/wp\/v2\/pages\/21\/revisions"}],"wp:attachment":[{"href":"https:\/\/curcunaaskerimalzeme.com.tr\/index.php?rest_route=%2Fwp%2Fv2%2Fmedia&parent=21"}],"curies":[{"name":"wp","href":"https:\/\/api.w.org\/{rel}","templated":true}]}}